{"id":32051,"date":"2017-01-24T13:00:31","date_gmt":"2017-01-24T12:00:31","guid":{"rendered":"http:\/\/www.codeprim.com\/Production\/?page_id=32051"},"modified":"2017-06-12T22:01:01","modified_gmt":"2017-06-12T21:01:01","slug":"aciers","status":"publish","type":"page","link":"https:\/\/www.codeprim.com\/index.php\/fr\/produits\/aciers\/","title":{"rendered":"Produits sid\u00e9rurgiques"},"content":{"rendered":"<div class=\"wpb-content-wrapper\"><p>[vc_row][vc_column width=\u00a0\u00bb1\/2&Prime;][vc_accordion active_tab=\u00a0\u00bbfalse\u00a0\u00bb collapsible=\u00a0\u00bbyes\u00a0\u00bb][vc_accordion_tab title=\u00a0\u00bbPRODUITS PLATS\u00a0\u00bb][vc_column_text css_animation=\u00a0\u00bbappear\u00a0\u00bb]<span style=\"color: #ff0000;\"><b>TOLES ET BOBINES:\u00a0<\/b><\/span>Lamin\u00e9es \u00e0 chaud, Lamin\u00e9es \u00e0 froid, D\u00e9cap\u00e9es rev\u00eatues (Galvanis\u00e9es, \u00c9lectrozingu\u00e9es, Aluzinc, Pr\u00e9laqu\u00e9es, Grenaill\u00e9es \u2013 pr\u00e9peintes), T\u00f4les oxycoup\u00e9es<\/p>\n<div class=\"produits_content\">\n<p><span style=\"color: #ff0000;\"><strong>M\u00c9TAL DEPLOY\u00c9\u00a0<\/strong><\/span><\/p>\n<p><span style=\"color: #ff0000;\"><strong>T\u00d4LES PERFOR\u00c9ES<\/strong><\/span><\/p>\n<p><span style=\"color: #ff0000;\"><strong> CAILLEBOTIS<\/strong><\/span><\/p>\n<p><span style=\"color: #ff0000;\"><strong>PALPLANCHES<\/strong><\/span><\/p>\n<p><strong><span style=\"color: #ff0000;\">T\u00d4LES ONDUL\u00c9ES ET\u00a0<\/span><\/strong><span style=\"color: #ff0000;\"><b>BACS:\u00a0<\/b><span style=\"color: #333333;\">pour Couverture et Bardages<\/span><\/span><\/div>\n<p>[\/vc_column_text][\/vc_accordion_tab][vc_accordion_tab title=\u00a0\u00bbACIERS INOXYDABLES\u00a0\u00bb][vc_column_text css_animation=\u00a0\u00bbappear\u00a0\u00bb]<span style=\"color: #ff0000;\"><b>PRODUITS PLATS:<\/b><\/span>\u00a0T\u00f4les, Bobines et Feuillard<\/p>\n<div class=\"produits_content\">\n<p><span style=\"color: #ff0000;\"><b>PRODUITS LONGS:<\/b><\/span>\u00a0Ronds, Corni\u00e8res, T\u00e9s, Us, Carr\u00e9s, Plats<\/p>\n<p><span style=\"color: #ff0000;\"><b>TUBES ET RACCORDS:<\/b><\/span>\u00a0Coudes, T\u00e9s, Brides, etc&#8230;<\/p>\n<p><span style=\"color: #ff0000;\"><strong>NUANCES:\u00a0<\/strong><span style=\"color: #333333;\">AISI 304L, 316L, 904, 310, etc &#8230;<\/span><\/span><\/div>\n<p>[\/vc_column_text][\/vc_accordion_tab][vc_accordion_tab title=\u00a0\u00bbCHAUDRONNERIE, CUVES \/ CITERNES\u00a0\u00bb][vc_column_text css_animation=\u00a0\u00bbappear\u00a0\u00bb]<span style=\"color: #ff0000;\"><b>FONDS BOMB\u00c9S:<\/b><\/span>\u00a0MRC, PRC, GRC, Ovales<\/p>\n<div class=\"produits_content\">\n<p><span style=\"color: #ff0000;\"><strong>TROUS D&rsquo;HOMME:<\/strong><\/span>\u00a0Plaques pleines ou avec manchons<\/div>\n<p>[\/vc_column_text][\/vc_accordion_tab][vc_accordion_tab title=\u00a0\u00bbM\u00c9TAUX NON FERREUX\u00a0\u00bb][vc_column_text css_animation=\u00a0\u00bbappear\u00a0\u00bb]<span style=\"color: #ff0000;\"><b>ALUMINIUM:<\/b><\/span>\u00a0T\u00f4les et Profil\u00e9s<\/p>\n<p><span style=\"color: #ff0000;\"><b>BRONZE:<\/b><\/span>\u00a0Jets Pleins \/ Creux<\/p>\n<div class=\"produits_content\">\n<p><strong><span style=\"color: #ff0000;\">MAT\u00c9RIAUX:<\/span>\u00a0<\/strong>Laiton, Cuivre, Nylon<\/div>\n<p>[\/vc_column_text][\/vc_accordion_tab][\/vc_accordion][vc_empty_space height=\u00a0\u00bb20px\u00a0\u00bb][\/vc_column][vc_column width=\u00a0\u00bb1\/2&Prime;][vc_accordion active_tab=\u00a0\u00bbfalse\u00a0\u00bb collapsible=\u00a0\u00bbyes\u00a0\u00bb][vc_accordion_tab title=\u00a0\u00bbPRODUITS LONGS\u00a0\u00bb][vc_column_text css_animation=\u00a0\u00bbappear\u00a0\u00bb]<span style=\"color: #ff0000;\"><b>LAMIN\u00c9S MARCHANDS<\/b>:<\/span>\u00a0Corni\u00e8res \u00e9gales \/ in\u00e9gales, Plats \/ Larges plats, Ronds, Carr\u00e9s, T\u00e9s, UAC<\/p>\n<div class=\"produits_content\">\n<p><span style=\"color: #ff0000;\"><strong>POUTRELLES:<\/strong><\/span>\u00a0UPN, IPN, IPE, HEA, HEB<\/p>\n<p><span style=\"color: #ff0000;\"><b>RONDS \u00c0 B\u00c9TON:<\/b><\/span>\u00a0Barres ou Bobines, lisse ou cr\u00e9nel\u00e9, Treillis soud\u00e9s standard \/ sur mesure, Pieux<\/p>\n<p><span style=\"color: #ff0000;\"><b>TUBES:<\/b><\/span>\u00a0Soud\u00e9s serruriers (ronds, carr\u00e9s, rectangulaires), NBL (noirs bouts lisses) ou GFM (galvanis\u00e9s filet\u00e9s manchonn\u00e9s) sans soudure (ASTM, API Sch. 40 \/ Sch. 80 \/ Inox)<\/div>\n<p>[\/vc_column_text][\/vc_accordion_tab][vc_accordion_tab title=\u00a0\u00bbACIERS SP\u00c9CIAUX\u00a0\u00bb][vc_column_text css_animation=\u00a0\u00bbappear\u00a0\u00bb]<span style=\"color: #ff0000;\"><b>T\u00d4LES:<\/b><\/span>\u00a0R\u00e9sistantes \u00e0 l&rsquo;abrasion (t\u00f4les d&rsquo;usure), T\u00f4les chaudi\u00e8re<\/p>\n<div class=\"produits_content\">\n<p><span style=\"color: #ff0000;\"><b>RONDS:<\/b><\/span>\u00a0Lamin\u00e9s \/ \u00c9tir\u00e9s (XC38, XC48, etc &#8230;)<\/p>\n<p><strong><span style=\"color: #ff0000;\">ACIER:<\/span>\u00a0<\/strong>\u00c0\u00a0clavette, Stubs<\/p>\n<p><strong><span style=\"color: #ff0000;\">\u00c9BAUCHES:<\/span>\u00a0<\/strong>Pleines, Creuses<\/div>\n<p>[\/vc_column_text][\/vc_accordion_tab][vc_accordion_tab title=\u00a0\u00bbCONSTRUCTION NAVALE \/ \u00c9QUIPEMENT PORTUAIRE\u00a0\u00bb][vc_column_text css_animation=\u00a0\u00bbappear\u00a0\u00bb]<span style=\"color: #ff0000;\"><strong>T\u00d4LES:<\/strong><\/span>\u00a0qualit\u00e9 navale (recett\u00e9es LRS ou BV)<\/p>\n<p><span style=\"color: #ff0000;\"><b>PLATS \u00c0 BOUDINS<\/b><\/span><\/p>\n<div class=\"produits_content\">\n<p><span style=\"color: #ff0000;\"><b>\u00c9QUIPEMENTS DE QUAI:\u00a0<\/b><span style=\"color: #333333;\">Bollards,<\/span><\/span>\u00a0D\u00e9fenses de quai, Cha\u00eenes, Coffres d&rsquo;amarrage, \u00c9chelles<\/div>\n<p>[\/vc_column_text][\/vc_accordion_tab][vc_accordion_tab title=\u00a0\u00bbBUSES, GLISSIERES&#8230;\u00a0\u00bb][vc_column_text css_animation=\u00a0\u00bbappear\u00a0\u00bb]M\u00e9talliques, Galvanis\u00e9es, Norm\u00e9es[\/vc_column_text][\/vc_accordion_tab][\/vc_accordion][\/vc_column][\/vc_row][vc_column][\/vc_column]<\/p>\n<\/div>","protected":false},"excerpt":{"rendered":"<p>[vc_row][vc_column width=\u00a0\u00bb1\/2&Prime;][vc_accordion active_tab=\u00a0\u00bbfalse\u00a0\u00bb collapsible=\u00a0\u00bbyes\u00a0\u00bb][vc_accordion_tab title=\u00a0\u00bbPRODUITS PLATS\u00a0\u00bb][vc_column_text css_animation=\u00a0\u00bbappear\u00a0\u00bb]TOLES ET BOBINES:\u00a0Lamin\u00e9es \u00e0 chaud, Lamin\u00e9es \u00e0 froid, D\u00e9cap\u00e9es rev\u00eatues (Galvanis\u00e9es, \u00c9lectrozingu\u00e9es, Aluzinc, Pr\u00e9laqu\u00e9es, Grenaill\u00e9es \u2013 pr\u00e9peintes), T\u00f4les oxycoup\u00e9es M\u00c9TAL DEPLOY\u00c9\u00a0 T\u00d4LES PERFOR\u00c9ES CAILLEBOTIS PALPLANCHES T\u00d4LES ONDUL\u00c9ES ET\u00a0BACS:\u00a0pour Couverture et Bardages [\/vc_column_text][\/vc_accordion_tab][vc_accordion_tab title=\u00a0\u00bbACIERS INOXYDABLES\u00a0\u00bb][vc_column_text css_animation=\u00a0\u00bbappear\u00a0\u00bb]PRODUITS PLATS:\u00a0T\u00f4les, Bobines et Feuillard PRODUITS LONGS:\u00a0Ronds, Corni\u00e8res, T\u00e9s, Us, Carr\u00e9s, Plats TUBES ET RACCORDS:\u00a0Coudes, [&hellip;]<a href=\"https:\/\/www.codeprim.com\/index.php\/fr\/produits\/aciers\/\" class=\"df-link-excerpt\">Continue reading<\/a><\/p>\n","protected":false},"author":6,"featured_media":0,"parent":25,"menu_order":0,"comment_status":"closed","ping_status":"closed","template":"","meta":{"footnotes":""},"class_list":["post-32051","page","type-page","status-publish","hentry"],"_links":{"self":[{"href":"https:\/\/www.codeprim.com\/index.php\/wp-json\/wp\/v2\/pages\/32051","targetHints":{"allow":["GET"]}}],"collection":[{"href":"https:\/\/www.codeprim.com\/index.php\/wp-json\/wp\/v2\/pages"}],"about":[{"href":"https:\/\/www.codeprim.com\/index.php\/wp-json\/wp\/v2\/types\/page"}],"author":[{"embeddable":true,"href":"https:\/\/www.codeprim.com\/index.php\/wp-json\/wp\/v2\/users\/6"}],"replies":[{"embeddable":true,"href":"https:\/\/www.codeprim.com\/index.php\/wp-json\/wp\/v2\/comments?post=32051"}],"version-history":[{"count":0,"href":"https:\/\/www.codeprim.com\/index.php\/wp-json\/wp\/v2\/pages\/32051\/revisions"}],"up":[{"embeddable":true,"href":"https:\/\/www.codeprim.com\/index.php\/wp-json\/wp\/v2\/pages\/25"}],"wp:attachment":[{"href":"https:\/\/www.codeprim.com\/index.php\/wp-json\/wp\/v2\/media?parent=32051"}],"curies":[{"name":"wp","href":"https:\/\/api.w.org\/{rel}","templated":true}]}}