{"id":33,"date":"2016-05-31T13:05:27","date_gmt":"2016-05-31T12:05:27","guid":{"rendered":"http:\/\/www.codeprim.com\/Production\/?page_id=33"},"modified":"2024-06-17T15:27:54","modified_gmt":"2024-06-17T14:27:54","slug":"activite","status":"publish","type":"page","link":"https:\/\/www.codeprim.com\/index.php\/fr\/activite\/","title":{"rendered":"Activit\u00e9"},"content":{"rendered":"<p><!--vcv no format--><\/p>\n<div class=\"vce-row-container\" data-vce-boxed-width=\"true\">\n<div id=\"el-6c229138\" class=\"vce-row vce-row--col-gap-30 vce-row-equal-height vce-row-content--top\" data-vce-do-apply=\"all el-6c229138\">\n<div class=\"vce-row-content\" data-vce-element-content=\"true\">\n<div id=\"el-f41fbc11\" class=\"vce-col vce-col--md-auto vce-col--xs-1 vce-col--xs-last vce-col--xs-first vce-col--sm-last vce-col--sm-first vce-col--md-last vce-col--lg-last vce-col--xl-last vce-col--md-first vce-col--lg-first vce-col--xl-first\">\n<div class=\"vce-col-inner\" data-vce-do-apply=\"border margin background  el-f41fbc11\">\n<div class=\"vce-col-content\" data-vce-element-content=\"true\" data-vce-do-apply=\"padding el-f41fbc11\">\n<div class=\"vce-text-block\">\n<div id=\"el-0870a1aa\" class=\"vce-text-block-wrapper vce\" data-vce-do-apply=\"all el-0870a1aa\">\n<h1><strong>N\u00c9GOCE INTERNATIONAL \/ AGENT D\u2019USINES<\/strong><\/h1>\n<h3><strong>Codeprim International, cr\u00e9\u00e9e en 1987, a pour activit\u00e9 le n\u00e9goce international de produits sid\u00e9rurgiques, de mat\u00e9riaux de construction et la repr\u00e9sentation de fabricants de produits du second \u0153uvre du b\u00e2timent.<\/strong><\/h3>\n<p>Les produits commercialis\u00e9s et repr\u00e9sent\u00e9s sont destin\u00e9s \u00e0 une client\u00e8le sp\u00e9cialis\u00e9e de grossistes \/ importateurs, d&rsquo;entreprises du B.T.P., de chantiers navals, d&rsquo;industries de constructions m\u00e9talliques, de mines d&rsquo;extraction de mati\u00e8res premi\u00e8res, de carrosseries industrielles, etc &#8230;<\/p>\n<p>Notre activit\u00e9 export est essentiellement tourn\u00e9e vers l&rsquo;AFRIQUE, Madagascar, les DROM (Martinique, Guadeloupe, Guyane, R\u00e9union, Mayotte, Saint Pierre et Miquelon) et les COM (Polyn\u00e9sie Fran\u00e7aise, Wallis et Futuna et Nouvelle Cal\u00e9donie).<\/p>\n<p>Nos approvisionnements sont majoritairement d&rsquo;origine Union Europ\u00e9enne, Turquie, Asie, Inde et Br\u00e9sil. Nous disposons d&rsquo;un bureau d&rsquo;achat en Chine.<\/p>\n<p><strong>Codeprim International<\/strong> travaille avec environ 200 fournisseurs install\u00e9s dans de nombreux pays.<\/p>\n<p>Pour r\u00e9aliser nos exportations, nous entretenons \u00e9galement depuis plus de 30 ans des rapports constants avec des compagnies maritimes et des transitaires.<\/p>\n<p>En dernier lieu, nous repr\u00e9sentons des fabricants sur tout ou partie de nos secteurs d&rsquo;activit\u00e9, dans le domaine des mat\u00e9riaux de construction tels que faux-plafond et ossatures, plaques de pl\u00e2tre, panneaux stratifi\u00e9s, portes et bloc-portes techniques, carrelage, colle, ragr\u00e9age et adjuvants, isolation, quincaillerie b\u00e2timent, etc&#8230;.<\/p>\n<p>Notre appartenance au groupe Harth, sp\u00e9cialiste du n\u00e9goce international depuis 1867, nous garantit le support d&rsquo;un grand groupe afin de proposer la meilleure qualit\u00e9 de service.<\/p>\n<\/div>\n<\/div>\n<\/div>\n<\/div>\n<\/div>\n<\/div>\n<\/div>\n<\/div>\n<p><!--vcv no format--><\/p>\n","protected":false},"excerpt":{"rendered":"<p>N\u00c9GOCE INTERNATIONAL \/ AGENT D\u2019USINES Codeprim International, cr\u00e9\u00e9e en 1987, a pour activit\u00e9 le n\u00e9goce international de produits sid\u00e9rurgiques, de mat\u00e9riaux de construction et la repr\u00e9sentation de fabricants de produits du second \u0153uvre du b\u00e2timent. Les produits commercialis\u00e9s et repr\u00e9sent\u00e9s sont destin\u00e9s \u00e0 une client\u00e8le sp\u00e9cialis\u00e9e de grossistes \/ importateurs, d&rsquo;entreprises du B.T.P., de chantiers [&hellip;]<a href=\"https:\/\/www.codeprim.com\/index.php\/fr\/activite\/\" class=\"df-link-excerpt\">Continue reading<\/a><\/p>\n","protected":false},"author":6,"featured_media":0,"parent":0,"menu_order":0,"comment_status":"closed","ping_status":"closed","template":"","meta":{"footnotes":""},"class_list":["post-33","page","type-page","status-publish","hentry"],"_links":{"self":[{"href":"https:\/\/www.codeprim.com\/index.php\/wp-json\/wp\/v2\/pages\/33","targetHints":{"allow":["GET"]}}],"collection":[{"href":"https:\/\/www.codeprim.com\/index.php\/wp-json\/wp\/v2\/pages"}],"about":[{"href":"https:\/\/www.codeprim.com\/index.php\/wp-json\/wp\/v2\/types\/page"}],"author":[{"embeddable":true,"href":"https:\/\/www.codeprim.com\/index.php\/wp-json\/wp\/v2\/users\/6"}],"replies":[{"embeddable":true,"href":"https:\/\/www.codeprim.com\/index.php\/wp-json\/wp\/v2\/comments?post=33"}],"version-history":[{"count":3,"href":"https:\/\/www.codeprim.com\/index.php\/wp-json\/wp\/v2\/pages\/33\/revisions"}],"predecessor-version":[{"id":32389,"href":"https:\/\/www.codeprim.com\/index.php\/wp-json\/wp\/v2\/pages\/33\/revisions\/32389"}],"wp:attachment":[{"href":"https:\/\/www.codeprim.com\/index.php\/wp-json\/wp\/v2\/media?parent=33"}],"curies":[{"name":"wp","href":"https:\/\/api.w.org\/{rel}","templated":true}]}}