{"id":93,"date":"2016-05-31T20:26:58","date_gmt":"2016-05-31T19:26:58","guid":{"rendered":"http:\/\/www.codeprim.com\/Production\/?page_id=93"},"modified":"2020-02-10T13:53:08","modified_gmt":"2020-02-10T12:53:08","slug":"mentions-legales","status":"publish","type":"page","link":"https:\/\/www.codeprim.com\/index.php\/fr\/mentions-legales\/","title":{"rendered":"Mentions l\u00e9gales"},"content":{"rendered":"<div class=\"wpb-content-wrapper\"><p>[vc_row][vc_column width=\u00a0\u00bb1\/4&Prime;]<div data-class-id=\"content-377\" class=\"df-modal-box-sc  df-onload overlay-show \" data-overlay-class=\"overlay-slideup\" data-onload-delay=\"0\"><\/div><div class=\"df-overlay content-377 \" data-class=\"content-377\" id=\"button-click-overlay\" style=\"display:none;\"><div class=\"df_modal df-fade df-medium\"><div class=\"df_modal-content\"><div class=\"df_modal-header\" style=\"\"><div class=\"modal-icon\" style=\"\"><i class=\"fa \"><\/i><\/div><h3 class=\"df_modal-title\" style=\"\">Mentions l\u00e9gales (fr)<\/h3><\/div><div class=\"df_modal-body ult-html\" style=\"\">Le site https:\/\/www.codeprim.com est \u00e9dit\u00e9 par l&rsquo;entreprise Codeprim-International,<br \/>\n30 rue Saint-Lazare &#8211; 75009 Paris\u00a0&#8211; France.<br \/>\nTel : +33 (0) 1 41 12 29 40<br \/>\nFax : +33 (0) 1 41 12 62 51<br \/>\nE-mail : codeprim@codeprim.com<\/p>\n<p>341 330 215\u00a0R.C.S. PARIS<\/p>\n<p>Repr\u00e9sentant L\u00e9gal : Hubert Bringer H\u00e9bergement du site : La pr\u00e9sentation et chacun des \u00e9l\u00e9ments sont prot\u00e9g\u00e9s par les lois en vigueur sur la propri\u00e9t\u00e9 intellectuelle et appartiennent \u00e0 Codeprim-International ou font l&rsquo;objet d&rsquo;une autorisation d&rsquo;utilisation. Par exception, certains contenus (textes, images) sont \u00e0 la propri\u00e9t\u00e9 de leurs auteurs respectifs. Aucun \u00e9l\u00e9ment, tel que sans limitation &#8211; les photographies et le contenu r\u00e9dactionnel, le composant ne peut \u00eatre copi\u00e9, reproduit, modifi\u00e9, r\u00e9\u00e9dit\u00e9, charg\u00e9, d\u00e9natur\u00e9, transmis ou distribu\u00e9 de quelque mani\u00e8re que ce soit, sous quelque support que ce soit de fa\u00e7on partielle ou int\u00e9grale, sans l&rsquo;autorisation \u00e9crite et pr\u00e9alable de Codeprim-International.<\/div><\/div><\/div><div class=\"df-overlay-close\">Close<\/div><\/div>[\/vc_column][\/vc_row]<\/p>\n<\/div>","protected":false},"excerpt":{"rendered":"<p>[vc_row][vc_column width=\u00a0\u00bb1\/4&Prime;][\/vc_column][\/vc_row]<\/p>\n","protected":false},"author":6,"featured_media":0,"parent":0,"menu_order":0,"comment_status":"closed","ping_status":"closed","template":"","meta":{"footnotes":""},"class_list":["post-93","page","type-page","status-publish","hentry"],"_links":{"self":[{"href":"https:\/\/www.codeprim.com\/index.php\/wp-json\/wp\/v2\/pages\/93","targetHints":{"allow":["GET"]}}],"collection":[{"href":"https:\/\/www.codeprim.com\/index.php\/wp-json\/wp\/v2\/pages"}],"about":[{"href":"https:\/\/www.codeprim.com\/index.php\/wp-json\/wp\/v2\/types\/page"}],"author":[{"embeddable":true,"href":"https:\/\/www.codeprim.com\/index.php\/wp-json\/wp\/v2\/users\/6"}],"replies":[{"embeddable":true,"href":"https:\/\/www.codeprim.com\/index.php\/wp-json\/wp\/v2\/comments?post=93"}],"version-history":[{"count":0,"href":"https:\/\/www.codeprim.com\/index.php\/wp-json\/wp\/v2\/pages\/93\/revisions"}],"wp:attachment":[{"href":"https:\/\/www.codeprim.com\/index.php\/wp-json\/wp\/v2\/media?parent=93"}],"curies":[{"name":"wp","href":"https:\/\/api.w.org\/{rel}","templated":true}]}}